{"id":1523,"date":"2023-12-20T20:35:05","date_gmt":"2023-12-20T17:35:05","guid":{"rendered":"https:\/\/testnewwebsite.yapifizigidernegi.org\/?page_id=1523"},"modified":"2024-09-10T12:42:23","modified_gmt":"2024-09-10T09:42:23","slug":"hakkimizda","status":"publish","type":"page","link":"https:\/\/www.yapifizigidernegi.org\/tr_TR\/hakkimizda\/","title":{"rendered":"HAKKIMIZDA"},"content":{"rendered":"<section class=\"wpb-content-wrapper\"><div class=\"vc_row wpb_row vc_row-fluid\"><div class=\"wpb_column vc_column_container vc_col-sm-12\"><div class=\"vc_column-inner\"><div class=\"wpb_wrapper\">\n\t<div class=\"wpb_text_column wpb_content_element \" >\n\t\t<div class=\"wpb_wrapper\">\n\t\t\t<h1 class=\"wp-block-heading\"><img loading=\"lazy\" decoding=\"async\" class=\"size-medium wp-image-1528 aligncenter\" src=\"https:\/\/testnewwebsite.yapifizigidernegi.org\/wp-content\/uploads\/2023\/12\/Yapi-Fizigi-Dernegi_logo.jpg-adli-dosyanin-kopyasi-300x196.jpg\" alt=\"\" width=\"300\" height=\"196\" srcset=\"https:\/\/www.yapifizigidernegi.org\/wp-content\/uploads\/2023\/12\/Yapi-Fizigi-Dernegi_logo.jpg-adli-dosyanin-kopyasi-300x196.jpg 300w, https:\/\/www.yapifizigidernegi.org\/wp-content\/uploads\/2023\/12\/Yapi-Fizigi-Dernegi_logo.jpg-adli-dosyanin-kopyasi-1024x670.jpg 1024w, https:\/\/www.yapifizigidernegi.org\/wp-content\/uploads\/2023\/12\/Yapi-Fizigi-Dernegi_logo.jpg-adli-dosyanin-kopyasi-768x503.jpg 768w, https:\/\/www.yapifizigidernegi.org\/wp-content\/uploads\/2023\/12\/Yapi-Fizigi-Dernegi_logo.jpg-adli-dosyanin-kopyasi-1536x1005.jpg 1536w, https:\/\/www.yapifizigidernegi.org\/wp-content\/uploads\/2023\/12\/Yapi-Fizigi-Dernegi_logo.jpg-adli-dosyanin-kopyasi.jpg 2000w\" sizes=\"auto, (max-width: 300px) 100vw, 300px\" \/><\/h1>\n<h1 class=\"wp-block-heading\">HAKKIMIZDA<\/h1>\n<p>G\u00fcn\u00fcm\u00fczde her alanda oldu\u011fu gibi sa\u011fl\u0131kl\u0131 konforlu yapma \u00e7evre tasarlama g\u00f6revini \u00fcstlenen mimarl\u0131k ve m\u00fchendislik alan\u0131nda da uzmanla\u015fmaya olan gereksinim giderek artmakta, istenilen nitelikte yapma \u00e7evreyi yaratabilmek i\u00e7in yap\u0131 fizi\u011fi konular\u0131 mimarl\u0131k ve m\u00fchendislik alan\u0131nda k\u00f6\u015fe ta\u015f\u0131 g\u00f6revini g\u00f6rmektedir. Ya\u015fad\u0131\u011f\u0131m\u0131z \u00e7evre problemleri kar\u015f\u0131s\u0131nda gereksinmeler kullan\u0131c\u0131 taraf\u0131ndan yap\u0131da yer alacak eylemlerin \u00f6zelliklerine, insanlar\u0131n fiziksel, sosyolojik ve psikolojik gereksinmelerine, enerji ve kaynaklar\u0131n s\u0131n\u0131r de\u011ferlerine ba\u011fl\u0131 olarak ortaya konmaktad\u0131r. Gereksinme ve olanaklar\u0131n tan\u0131mlad\u0131\u011f\u0131 pek \u00e7ok \u00e7\u00f6z\u00fcm olabilir. Gereksinme ve olanaklar sa\u011flanabilecek t\u00fcm \u00e7\u00f6z\u00fcm alternatifleri i\u00e7in ger\u00e7ekle\u015ftirilmesi gereken \u015fartlard\u0131r ve ge\u00e7erli \u00e7\u00f6z\u00fcmleri sa\u011flayan s\u0131n\u0131r\u0131 tan\u0131mlayabilir. Bu noktada tasar\u0131mc\u0131 ve yap\u0131mc\u0131ya d\u00fc\u015fen g\u00f6rev eldeki olanaklarla gereksinmelerin tan\u0131mlad\u0131\u011f\u0131 s\u0131n\u0131r i\u00e7inde kalan bir fiziksel \u00e7evre tasarlamay\u0131 ba\u015farmakt\u0131r.<\/p>\n<p>Fiziksel \u00e7evrenin karma\u015f\u0131kl\u0131\u011f\u0131n\u0131n art\u0131\u015f\u0131 bu \u00e7evreyi yaratacak veya geli\u015ftirecek tasar\u0131mc\u0131n\u0131n di\u011fer alanlardaki uzmanlarla do\u011fru bir bilgi al\u0131\u015fveri\u015finde bulunmas\u0131n\u0131 gerektirir. Bu bilgi al\u0131\u015fveri\u015fi \u00f6zellikle g\u00fcn\u00fcm\u00fczde mimar ve m\u00fchendislerin en \u00f6nemli g\u00f6revlerinden biri olan s\u00fcrd\u00fcr\u00fclebilir bir \u00e7evrenin sa\u011flanmas\u0131 i\u00e7in zorunludur. K\u00fcreselle\u015fen d\u00fcnyada ya\u015fam\u0131 tehdit etmeye ba\u015flayan \u00e7evre ve enerji sorunlar\u0131 kar\u015f\u0131s\u0131nda, enerji etkin s\u00fcrd\u00fcr\u00fclebilir \u00e7evre tasarlama ve ger\u00e7ekle\u015ftirme konusunda yeni a\u00e7\u0131l\u0131mlara y\u00f6nelmeyi gerekli k\u0131lm\u0131\u015ft\u0131r. Bu y\u00f6nelim mimarlar ve m\u00fchendisler ile yapma \u00e7evre aras\u0131nda s\u00fcrd\u00fcr\u00fclebilirlik \u00e7er\u00e7evesinde ortak bir dil geli\u015ftirmede \u00e7ok \u00f6nemli yeri olan yap\u0131 fizi\u011fi alan\u0131nda \u00e7al\u0131\u015fanlar\u0131n resmi bir organizasyon alt\u0131nda bir arada olmas\u0131n\u0131n benimsenmesine ve Yap\u0131 Fizi\u011fi Derne\u011fi\u2019nin kurulmas\u0131na ivme kazand\u0131rm\u0131\u015ft\u0131r.<\/p>\n<p>\u0130T\u00dc Mimarl\u0131k Fak\u00fcltesi, Yap\u0131 Fizi\u011fi ve \u00c7evre Kontrol\u00fc \u00c7al\u0131\u015fma grubu taraf\u0131ndan d\u00fczenlenen 4. Uluslararas\u0131 Yap\u0131 Fizi\u011fi Kongresi s\u00fcrecinde toplant\u0131 yapan IABP (International Association of Building Physics) Y\u00f6netim Kurulu, Ulusal Yap\u0131 Fizi\u011fi Derneklerinin kurulmas\u0131n\u0131 \u00f6ne s\u00fcrerek bu konunun geli\u015ftirilmesine \u00e7ok olumlu bakm\u0131\u015ft\u0131r. Bu bak\u0131\u015f a\u00e7\u0131s\u0131 ve konunun \u00f6neminden hareketle Yap\u0131 Fizi\u011fi Derne\u011fi, \u0130T\u00dc Mimarl\u0131k Fak\u00fcltesi, Yap\u0131 Fizi\u011fi ve \u00c7evre Kontrol\u00fc \u00c7al\u0131\u015fma grubu \u00fcyeleri taraf\u0131ndan kurulmu\u015ftur. Ba\u015fka birimlerden kat\u0131l\u0131mlarla geli\u015fen Yap\u0131 Fizi\u011fi Derne\u011fi, T\u00fcrkiye\u2019de \u00f6n\u00fcm\u00fczdeki y\u0131llarda \u00f6nemi daha da artacak olan Yap\u0131 Fizi\u011fi konusunda bilimsel \u00e7al\u0131\u015fmalar yapmaya, sekt\u00f6rle i\u015fbirli\u011fi i\u00e7inde konu alan\u0131ndaki sorunlara \u00e7\u00f6z\u00fcm \u00fcretmeye,uluslararas\u0131 i\u015fbirli\u011fini geli\u015ftirmeye y\u00f6nelik \u00e7al\u0131\u015fmalar\u0131n\u0131 s\u00fcrd\u00fcrmektedir.<\/p>\n<p><\/p>\n<h1 class=\"wp-block-heading\">AMA\u00c7LAR<\/h1>\n<ul>\n<li>Bir bilim dal\u0131 olan yap\u0131 fizi\u011finin; Is\u0131, I\u015f\u0131k, Ses, Su, Yang\u0131n, Enerji gibi \u00e7e\u015fitli konular\u0131nda \u00fclke kalk\u0131nmas\u0131n\u0131, bilim ve teknolojinin geli\u015fmesine y\u00f6nelik akademik ve teknolojik \u00e7al\u0131\u015fmalar\u0131 desteklemek, ekonomik, ekolojik ve s\u00fcrd\u00fcr\u00fclebilir mimari \u00e7evrelerin olu\u015fturulmas\u0131na katk\u0131da bulunmak,<\/li>\n<li>Yukar\u0131da belirtilmi\u015f konulara e\u011filmi\u015f bulunan ara\u015ft\u0131rmac\u0131lar aras\u0131nda ileti\u015fimi sa\u011flayarak bilimsel \u00e7al\u0131\u015fmalar\u0131n etkinli\u011fini art\u0131rmak, dok\u00fcmantasyon ve enformasyon sa\u011flamak, y\u00fcr\u00fctmek, ulusal ve uluslararas\u0131 seminer, sergi, kongre v.b. toplant\u0131lar d\u00fczenlemek, e\u011fitim vermek ve uzman yeti\u015ftirmek amac\u0131yla sertifika programlar\u0131 ve benzer uygun faaliyetleri y\u00fcr\u00fctmek,<\/li>\n<li>Yurt d\u0131\u015f\u0131nda bu ama\u00e7la kurulmu\u015f \u00e7e\u015fitli yap\u0131 fizi\u011fi dernekleri, enstit\u00fcleri ve ara\u015ft\u0131rma merkezleri ile ilgili mercilerden izin almak kayd\u0131yla mevzuat gereklerine uygun ili\u015fkiler kurarak ileti\u015fim ve i\u015fbirli\u011fini sa\u011flamak,<\/li>\n<li>Yukar\u0131da belirtilen konularda yurt i\u00e7inde ve yurt d\u0131\u015f\u0131nda sanayi ve sekt\u00f6r ile i\u015fbirli\u011fi yapmak ve sekt\u00f6r\u00fcn geli\u015fimine katk\u0131da bulunmak,<\/li>\n<li>Dernek ama\u00e7lar\u0131n\u0131n ger\u00e7ekle\u015ftirilmesi i\u00e7in ihtiya\u00e7 duydu\u011fu gelirleri temin etmek amac\u0131yla iktisadi, ticari ve sanayi i\u015fletmeler kurmak ve i\u015fletmek.<\/li>\n<\/ul>\n<p><\/p>\n<h1 class=\"wp-block-heading\">V\u0130ZYON VE M\u0130SYON<\/h1>\n<p>Yap\u0131 Fizi\u011fi Derne\u011fi\u2019nin vizyonu ulusal ve uluslararas\u0131 platformda Yap\u0131 Fizi\u011fi alan\u0131n\u0131n geli\u015fimine katk\u0131 sa\u011flayan bir olu\u015fum olarak geli\u015fmesini s\u00fcrd\u00fcrmektir.<\/p>\n<p>Yap\u0131 Fizi\u011fi Derne\u011fi\u2019nin misyonu her \u00f6l\u00e7ekte sa\u011fl\u0131kl\u0131, enerji etkin ve s\u00fcrd\u00fcr\u00fclebilir \u00e7evre yaratabilmek i\u00e7in; \u0131s\u0131, \u0131\u015f\u0131k, ses, yang\u0131n gibi yapma \u00e7evre denetim sistemleri, \u0131s\u0131tma \u2013 havaland\u0131rma, iklimlendirme, ayd\u0131nlatma, yang\u0131n g\u00fcvenli\u011fi, gibi yap\u0131 servis sistemleri, enerji denetimi, s\u00fcrd\u00fcr\u00fclebilirlik ve kalite, alternatif enerji kaynaklar\u0131, i\u00e7 ve d\u0131\u015f \u00e7evrede ya\u015fam kalitesi, \u0131s\u0131, su ve nem yal\u0131t\u0131m\u0131, ses yal\u0131t\u0131m\u0131, yang\u0131n yal\u0131t\u0131m\u0131 konular\u0131nda bilimsel \u00e7al\u0131\u015fmalar, uygulama \u00e7al\u0131\u015fmalar\u0131 yapmak; bu alana ili\u015fkin olarak \u00fclkemiz i\u00e7in uygun y\u00f6ntem, teknik ve yasal s\u0131n\u0131rlamalar\u0131n olu\u015fturulmas\u0131 ve geli\u015ftirilmesi \u00e7al\u0131\u015fmalar\u0131na katk\u0131 sa\u011flamak, sekt\u00f6rle i\u015fbirli\u011fi yaparak yeni geli\u015fmeler sa\u011flayacak etkinliklerini s\u00fcrd\u00fcrmektir.<\/p>\n<p>\u00a0<\/p>\n\n\t\t<\/div>\n\t<\/div>\n<\/div><\/div><\/div><\/div>\n<\/section>","protected":false},"excerpt":{"rendered":"HAKKIMIZDA G\u00fcn\u00fcm\u00fczde her alanda oldu\u011fu gibi sa\u011fl\u0131kl\u0131 konforlu yapma \u00e7evre tasarlama g\u00f6revini \u00fcstlenen mimarl\u0131k ve m\u00fchendislik alan\u0131nda da uzmanla\u015fmaya olan gereksinim giderek artmakta, istenilen nitelikte yapma \u00e7evreyi yaratabilmek i\u00e7in yap\u0131 fizi\u011fi konular\u0131 mimarl\u0131k ve m\u00fchendislik alan\u0131nda k\u00f6\u015fe ta\u015f\u0131 g\u00f6revini g\u00f6rmektedir. Ya\u015fad\u0131\u011f\u0131m\u0131z \u00e7evre problemleri kar\u015f\u0131s\u0131nda gereksinmeler kullan\u0131c\u0131 taraf\u0131ndan yap\u0131da yer alacak [...]","protected":false},"author":1,"featured_media":0,"parent":0,"menu_order":0,"comment_status":"closed","ping_status":"closed","template":"","meta":{"om_disable_all_campaigns":false,"_monsterinsights_skip_tracking":false,"_monsterinsights_sitenote_active":false,"_monsterinsights_sitenote_note":"","_monsterinsights_sitenote_category":0,"footnotes":""},"class_list":["post-1523","page","type-page","status-publish","hentry"],"aioseo_notices":[],"_links":{"self":[{"href":"https:\/\/www.yapifizigidernegi.org\/tr_TR\/wp-json\/wp\/v2\/pages\/1523","targetHints":{"allow":["GET"]}}],"collection":[{"href":"https:\/\/www.yapifizigidernegi.org\/tr_TR\/wp-json\/wp\/v2\/pages"}],"about":[{"href":"https:\/\/www.yapifizigidernegi.org\/tr_TR\/wp-json\/wp\/v2\/types\/page"}],"author":[{"embeddable":true,"href":"https:\/\/www.yapifizigidernegi.org\/tr_TR\/wp-json\/wp\/v2\/users\/1"}],"replies":[{"embeddable":true,"href":"https:\/\/www.yapifizigidernegi.org\/tr_TR\/wp-json\/wp\/v2\/comments?post=1523"}],"version-history":[{"count":9,"href":"https:\/\/www.yapifizigidernegi.org\/tr_TR\/wp-json\/wp\/v2\/pages\/1523\/revisions"}],"predecessor-version":[{"id":2354,"href":"https:\/\/www.yapifizigidernegi.org\/tr_TR\/wp-json\/wp\/v2\/pages\/1523\/revisions\/2354"}],"wp:attachment":[{"href":"https:\/\/www.yapifizigidernegi.org\/tr_TR\/wp-json\/wp\/v2\/media?parent=1523"}],"curies":[{"name":"wp","href":"https:\/\/api.w.org\/{rel}","templated":true}]}}