{"id":1567,"date":"2016-12-02T05:39:41","date_gmt":"2016-12-02T05:39:41","guid":{"rendered":"http:\/\/ecoworld.premiumthemes.in\/?page_id=1001"},"modified":"2025-10-20T21:34:55","modified_gmt":"2025-10-20T18:34:55","slug":"home","status":"publish","type":"page","link":"https:\/\/www.yapifizigidernegi.org\/tr_TR\/","title":{"rendered":"Anasayfa"},"content":{"rendered":"<section class=\"wpb-content-wrapper\"><div class=\"vc_row wpb_row vc_row-fluid vc_custom_1479442634660\"><div class=\"wpb_column vc_column_container vc_col-sm-12\"><div class=\"vc_column-inner\"><div class=\"wpb_wrapper\"><div   >\n\t\t\t\t\t\t<div class=\"swmsc_container\">\n\t\t\t\t\t\t\t<div class=\"vc_row wpb_row vc_inner vc_row-fluid\"><div class=\"wpb_column vc_column_container vc_col-sm-12\"><div class=\"vc_column-inner\"><div class=\"wpb_wrapper\"><div  class=\"ecoworld-heading-font center uppercase\" ><div style=\"font-size:30px; color:#333333; font-weight:bold; line-height:50px;\">\n\t\t\t\t\tYap\u0131 Fizi\u011fi Derne\u011fi Hakk\u0131nda\n\t\t\t\t\t<\/div><\/div><div  class=\"swmsc_custom_dividers swmsc_dividers_line2 text_align_center\" style=\"margin-top:15px;margin-bottom:15px; clear:both;\"><span style=\"max-width:40px;background-color:#90be54;\"><\/span><\/div><\/div><\/div><\/div><\/div><div class=\"vc_row wpb_row vc_inner vc_row-fluid\"><div class=\"wpb_column vc_column_container vc_col-sm-6\"><div class=\"vc_column-inner\"><div class=\"wpb_wrapper\">\n\t<div  class=\"wpb_single_image wpb_content_element vc_align_left\">\n\t\t\n\t\t<figure class=\"wpb_wrapper vc_figure\">\n\t\t\t<a href=\"\/hakkimizda\" target=\"_self\" class=\"vc_single_image-wrapper   vc_box_border_grey\"><img loading=\"lazy\" decoding=\"async\" width=\"778\" height=\"469\" src=\"https:\/\/www.yapifizigidernegi.org\/wp-content\/uploads\/2023\/12\/yapi-fizigi-logo.pdf-adli-dosyanin-kopyasi_page-0001.jpg\" class=\"vc_single_image-img attachment-full\" alt=\"\" title=\"Yap\u0131 Fizi\u011fi Derne\u011fi\" srcset=\"https:\/\/www.yapifizigidernegi.org\/wp-content\/uploads\/2023\/12\/yapi-fizigi-logo.pdf-adli-dosyanin-kopyasi_page-0001.jpg 778w, https:\/\/www.yapifizigidernegi.org\/wp-content\/uploads\/2023\/12\/yapi-fizigi-logo.pdf-adli-dosyanin-kopyasi_page-0001-300x181.jpg 300w, https:\/\/www.yapifizigidernegi.org\/wp-content\/uploads\/2023\/12\/yapi-fizigi-logo.pdf-adli-dosyanin-kopyasi_page-0001-768x463.jpg 768w\" sizes=\"auto, (max-width: 778px) 100vw, 778px\" \/><\/a>\n\t\t<\/figure>\n\t<\/div>\n<div  class=\"clear swmsc_gap\" style=\"margin:10px 0 0 0;\"><\/div><\/div><\/div><\/div><div class=\"wpb_column vc_column_container vc_col-sm-6\"><div class=\"vc_column-inner\"><div class=\"wpb_wrapper\"><div  class=\"clear swmsc_gap\" style=\"margin:20px 0 0 0;\"><\/div><div   >\n\t\t\t\t\t\t<div class=\"swmsc_services_icons swmsc_responsive_services swmsc_services_item_left\" data-responsive=\"767\" data-margin=\"30\" >\n\t\t\t\t\t\t\t\t<div class=\"swmsc_services_item_holder swmsc_services_icon_medium\" style=\"margin-right:30px;\">\n\t\t\t\t\t\t\t\t<span style=\"border:0px solid #e6e6e6; border-radius:0; background:#90be54;\">\n\t\t\t\t\t\t\t\t\t<i class=\"fa fa-bullhorn\" style=\"color:#ffffff;\"><\/i>\n\t\t\t\t\t\t\t\t<\/span>\n\t\t\t\t\t\t\t<\/div>\n\t\t\t\t\t\t\t<div class=\"swmsc_services_icon_content\">\n\t\t\t\t\t\t\t\t<h5 style=\"font-size:20px; color:#444444;margin-bottom:10px;\">AMA\u00c7LAR<\/h5>\n\t\t\t\t\t\t\t\tBir bilim dal\u0131 olan yap\u0131 fizi\u011finin; Is\u0131, I\u015f\u0131k, Ses, Su, Yang\u0131n, Enerji gibi \u00e7e\u015fitli konular\u0131nda \u00fclke kalk\u0131nmas\u0131n\u0131, bilim ve teknolojinin geli\u015fmesine y\u00f6nelik akademik ve teknolojik \u00e7al\u0131\u015fmalar\u0131 desteklemek, ekonomik, ekolojik ve s\u00fcrd\u00fcr\u00fclebilir mimari \u00e7evrelerin olu\u015fturulmas\u0131na katk\u0131da bulunmak.\n\t\t\t\t\t\t\t\t<\/div>\n\t\t\t\t\t\t\t<div class=\"clear\"><\/div>\n\t\t\t\t\t\t<\/div>\n\t\t\t\t\t\t<div class=\"clear\"><\/div>\n\t\t\t\t\t<\/div><div  class=\"swmsc_custom_dividers swmsc_dividers_line1 text_align_left\" style=\"margin-top:35px;margin-bottom:35px; clear:both;\"><span style=\"max-width:100%;background-color:#e6e6e6;\"><\/span><\/div><div   >\n\t\t\t\t\t\t<div class=\"swmsc_services_icons swmsc_responsive_services swmsc_services_item_left\" data-responsive=\"767\" data-margin=\"30\" >\n\t\t\t\t\t\t\t\t<div class=\"swmsc_services_item_holder swmsc_services_icon_medium\" style=\"margin-right:30px;\">\n\t\t\t\t\t\t\t\t<span style=\"border:2px solid #90be54; border-radius:0; background:#ffffff;\">\n\t\t\t\t\t\t\t\t\t<i class=\"fa fa-bullhorn\" style=\"color:#90be54; margin-top:-2px;\"><\/i>\n\t\t\t\t\t\t\t\t<\/span>\n\t\t\t\t\t\t\t<\/div>\n\t\t\t\t\t\t\t<div class=\"swmsc_services_icon_content\">\n\t\t\t\t\t\t\t\t<h5 style=\"font-size:20px; color:#444444;margin-bottom:10px;\">V\u0130ZYON VE M\u0130SYON<\/h5>\n\t\t\t\t\t\t\t\tYap\u0131 Fizi\u011fi Derne\u011fi\u2019nin vizyonu ulusal ve uluslararas\u0131 platformda Yap\u0131 Fizi\u011fi alan\u0131n\u0131n geli\u015fimine katk\u0131 sa\u011flayan bir olu\u015fum olarak geli\u015fmesini s\u00fcrd\u00fcrmektir.\n\t\t\t\t\t\t\t\t<\/div>\n\t\t\t\t\t\t\t<div class=\"clear\"><\/div>\n\t\t\t\t\t\t<\/div>\n\t\t\t\t\t\t<div class=\"clear\"><\/div>\n\t\t\t\t\t<\/div><\/div><\/div><\/div><\/div>\n\t\t\t\t\t\t\t<div class=\"clear\"><\/div>\n\t\t\t\t\t\t<\/div>\n\t\t\t\t\t<\/div><\/div><\/div><\/div><\/div><div class=\"vc_row wpb_row vc_row-fluid\"><div class=\"wpb_column vc_column_container vc_col-sm-12\"><div class=\"vc_column-inner\"><div class=\"wpb_wrapper\"><div  class=\"swmsc_full_width_section\" style=\" background-color:#ffffff;background-size: auto;  padding-top:70px; padding-bottom:70px; margin-top:0px; margin-bottom:0px;  \">\n\t\t\t\t\t\t<div class=\"swmsc_container\">\n\t\t\t\t\t\t\t<div class=\"vc_row wpb_row vc_inner vc_row-fluid\"><div class=\"wpb_column vc_column_container vc_col-sm-12\"><div class=\"vc_column-inner\"><div class=\"wpb_wrapper\"><div  class=\"center ecoworld-heading-font uppercase\" ><div style=\"font-size:30px; color:#303030; font-weight:bold; line-height:30px;\">\n\t\t\t\t\tDuyurular\n\t\t\t\t\t<\/div><\/div><div  class=\"swmsc_custom_dividers swmsc_dividers_line2 text_align_center\" style=\"margin-top:20px;margin-bottom:50px; clear:both;\"><span style=\"max-width:50px;background-color:#90be54;\"><\/span><\/div><div   >\n\t\t\t\t\t<div class=\"swmsc_rp_boxed whitebg\">\n\t\t\t\t\t\t<div class=\"swmsc_rp_boxed_holder\">\n\t\t\t\t\t\t\t<div class=\"swmsc_rp_boxed_full_post\">\n\t\t\t\t\t\t<div class=\"swmsc_rp_boxed_full_post_img\">\n\t\t\t\t\t\t\t<img loading=\"lazy\" decoding=\"async\" width=\"850\" height=\"520\" src=\"https:\/\/www.yapifizigidernegi.org\/wp-content\/uploads\/2026\/01\/5-YFCK-Poster-YFCK-Websitesi_2-850x520.jpg\" class=\"attachment-swmsc-blog-featured size-swmsc-blog-featured wp-post-image\" alt=\"\" \/>\n\t\t\t\t\t\t\t<span class=\"swmsc_rp_boxed_full_meta_bg\"><\/span>\n\t\t\t\t\t\t\t<div class=\"swmsc_rp_boxed_full_meta\">\n\t\t\t\t\t\t\t\t<div class=\"swmsc_rp_boxed_full_date\"><span>20 Eki<\/span><\/div>\n\t\t\t\t\t\t\t\t<div class=\"swmsc_rp_boxed_full_meta_sub\">\n\t\t\t\t\t\t\t\t\t<span><a href=\"https:\/\/www.yapifizigidernegi.org\/tr_TR\/author\/yapifiziginewadmin\/\"><i class=\"fa fa-user\"><\/i>Yap\u0131 Fizi\u011fi<\/a><\/span>\n\t\t\t\t\t\t\t\t\t<span class=\"swmsc_rp_boxed_full_meta_comment_full\"><a href=\"https:\/\/www.yapifizigidernegi.org\/tr_TR\/kongrelerimiz\/5-ulusal-yapi-fizigi-ve-cevre-kontrolu-kongresi\/#respond\"><i class=\"fa fa-comment\"><\/i>0 Comments<\/a><\/span>\n\t\t\t\t\t\t\t\t\t<span class=\"swmsc_rp_boxed_full_meta_comment\"><a href=\"https:\/\/www.yapifizigidernegi.org\/tr_TR\/kongrelerimiz\/5-ulusal-yapi-fizigi-ve-cevre-kontrolu-kongresi\/#respond\"><i class=\"fa fa-comment\"><\/i>0<\/a><\/span>\n\t\t\t\t\t\t\t\t<\/div>\n\n\t\t\t\t\t\t\t\t<div class=\"clear\"><\/div>\n\t\t\t\t\t\t\t<\/div>\n\t\t\t\t\t\t<\/div>\n\t\t\t\t\t\t<div class=\"swmsc_rp_boxed_full_content\">\n\t\t\t\t\t\t\t<p class=\"swmsc_rp_boxed_full_content_title\"><a href=\"https:\/\/www.yapifizigidernegi.org\/tr_TR\/kongrelerimiz\/5-ulusal-yapi-fizigi-ve-cevre-kontrolu-kongresi\/\">\u00a05. Ulusal Yap\u0131 Fizi\u011fi ve \u00c7evre Kontrol\u00fc Kongresi<\/a><\/p>\n\t\t\t\t\t\t\t<p>G\u00fcn\u00fcm\u00fczde iklim krizi, hatal\u0131 yap\u0131la\u015fma ve orant\u0131s\u0131z n\u00fcfus art\u0131\u015f\u0131; yap\u0131l\u0131 \u00e7evrenin<\/p>\n\t\t\t\t\t\t\t<p class=\"swmsc_rp_boxed_full_button\"><a href=\"https:\/\/www.yapifizigidernegi.org\/tr_TR\/kongrelerimiz\/5-ulusal-yapi-fizigi-ve-cevre-kontrolu-kongresi\/\" >Devam\u0131<\/a><\/p>\n\t\t\t\t\t\t<\/div>\n\t\t\t\t\t<\/div>\n\t\t\t\t\t\t\t<div class=\"swmsc_rp_boxed_list_wrap\">\n\t\t\t\t\t\t\t\t<div class=\"swmsc_rp_boxed_list\">\n\t\t\t\t\t\t\t<div class=\"swmsc_rp_boxed_list_img\" style=\"background-image:url(https:\/\/www.yapifizigidernegi.org\/wp-content\/uploads\/2025\/05\/yanginsempozyum-850x520.png);\">\n\t\t\t\t\t\t\t\t<span class=\"swmsc_rp_boxed_list_meta_bg\"><\/span>\n\t\t\t\t\t\t\t\t<div class=\"swmsc_rp_boxed_list_date\"><span>10 Ara<\/span><\/div>\n\t\t\t\t\t\t\t\t<div class=\"swmsc_rp_boxed_list_meta\">\n\t\t\t\t\t\t\t\t\t<span><a href=\"https:\/\/www.yapifizigidernegi.org\/tr_TR\/author\/yapifiziginewadmin\/\"><i class=\"fa fa-user\"><\/i>Yap\u0131 Fizi\u011fi<\/a><\/span>\n\t\t\t\t\t\t\t\t\t<span><a href=\"https:\/\/www.yapifizigidernegi.org\/tr_TR\/sempozyumlar\/mimarlik-ve-yangin-sempozyumu-2025\/#respond\"><i class=\"fa fa-comment\"><\/i>0<\/a><\/span>\n\t\t\t\t\t\t\t\t<\/div>\n\t\t\t\t\t\t\t<\/div>\n\t\t\t\t\t\t\t<div class=\"swmsc_rp_boxed_list_content\">\n\t\t\t\t\t\t\t\t<p class=\"swmsc_rp_boxed_list_title\"><a href=\"https:\/\/www.yapifizigidernegi.org\/tr_TR\/sempozyumlar\/mimarlik-ve-yangin-sempozyumu-2025\/\">M\u0130MARLIK VE YANGIN SEMPOZYUMU 2025<\/a><\/p>\n\t\t\t\t\t\t\t\t<p>Mimarl\u0131k ve Yang\u0131n Sempozyumu<\/p>\n\t\t\t\t\t\t\t\t<p class=\"swmsc_rp_boxed_list_button\"><a href=\"https:\/\/www.yapifizigidernegi.org\/tr_TR\/sempozyumlar\/mimarlik-ve-yangin-sempozyumu-2025\/\"><i class=\"fa fa-chevron-right\"><\/i><\/a><\/p>\n\t\t\t\t\t\t\t<\/div>\n\t\t\t\t\t\t<\/div><div class=\"swmsc_rp_boxed_list\">\n\t\t\t\t\t\t\t<div class=\"swmsc_rp_boxed_list_img\" style=\"background-image:url(https:\/\/www.yapifizigidernegi.org\/wp-content\/uploads\/2024\/04\/4-YFCK-Kongre-Posteri-ITU-Logolu-kayan-duyuru-icin-2.jpg);\">\n\t\t\t\t\t\t\t\t<span class=\"swmsc_rp_boxed_list_meta_bg\"><\/span>\n\t\t\t\t\t\t\t\t<div class=\"swmsc_rp_boxed_list_date\"><span>25 Ara<\/span><\/div>\n\t\t\t\t\t\t\t\t<div class=\"swmsc_rp_boxed_list_meta\">\n\t\t\t\t\t\t\t\t\t<span><a href=\"https:\/\/www.yapifizigidernegi.org\/tr_TR\/author\/yapifiziginewadmin\/\"><i class=\"fa fa-user\"><\/i>Yap\u0131 Fizi\u011fi<\/a><\/span>\n\t\t\t\t\t\t\t\t\t<span><a href=\"https:\/\/www.yapifizigidernegi.org\/tr_TR\/kongrelerimiz\/4-ulusal-yapi-fizigi-ve-cevre-kontrolu-kongresi\/#respond\"><i class=\"fa fa-comment\"><\/i>0<\/a><\/span>\n\t\t\t\t\t\t\t\t<\/div>\n\t\t\t\t\t\t\t<\/div>\n\t\t\t\t\t\t\t<div class=\"swmsc_rp_boxed_list_content\">\n\t\t\t\t\t\t\t\t<p class=\"swmsc_rp_boxed_list_title\"><a href=\"https:\/\/www.yapifizigidernegi.org\/tr_TR\/kongrelerimiz\/4-ulusal-yapi-fizigi-ve-cevre-kontrolu-kongresi\/\">\u00a04. Ulusal Yap\u0131 Fizi\u011fi ve \u00c7evre Kontrol\u00fc Kongresi<\/a><\/p>\n\t\t\t\t\t\t\t\t<p>Tema\n\n\u201c\u0130klimle uyumlu, ya\u015fanabilir yapma \u00e7evre tasar\u0131m\u0131: dijitalle\u015fme ve<\/p>\n\t\t\t\t\t\t\t\t<p class=\"swmsc_rp_boxed_list_button\"><a href=\"https:\/\/www.yapifizigidernegi.org\/tr_TR\/kongrelerimiz\/4-ulusal-yapi-fizigi-ve-cevre-kontrolu-kongresi\/\"><i class=\"fa fa-chevron-right\"><\/i><\/a><\/p>\n\t\t\t\t\t\t\t<\/div>\n\t\t\t\t\t\t<\/div><div class=\"swmsc_rp_boxed_list\">\n\t\t\t\t\t\t\t<div class=\"swmsc_rp_boxed_list_img\" style=\"background-image:url(https:\/\/www.yapifizigidernegi.org\/wp-content\/uploads\/2024\/01\/Ekran-Resmi-2024-01-21-10.45.35-850x476.png);\">\n\t\t\t\t\t\t\t\t<span class=\"swmsc_rp_boxed_list_meta_bg\"><\/span>\n\t\t\t\t\t\t\t\t<div class=\"swmsc_rp_boxed_list_date\"><span>4 May<\/span><\/div>\n\t\t\t\t\t\t\t\t<div class=\"swmsc_rp_boxed_list_meta\">\n\t\t\t\t\t\t\t\t\t<span><a href=\"https:\/\/www.yapifizigidernegi.org\/tr_TR\/author\/yapifiziginewadmin\/\"><i class=\"fa fa-user\"><\/i>Yap\u0131 Fizi\u011fi<\/a><\/span>\n\t\t\t\t\t\t\t\t\t<span><a href=\"https:\/\/www.yapifizigidernegi.org\/tr_TR\/sempozyumlar\/mimarlik-ve-yangin-sempozyumu-blog\/#respond\"><i class=\"fa fa-comment\"><\/i>0<\/a><\/span>\n\t\t\t\t\t\t\t\t<\/div>\n\t\t\t\t\t\t\t<\/div>\n\t\t\t\t\t\t\t<div class=\"swmsc_rp_boxed_list_content\">\n\t\t\t\t\t\t\t\t<p class=\"swmsc_rp_boxed_list_title\"><a href=\"https:\/\/www.yapifizigidernegi.org\/tr_TR\/sempozyumlar\/mimarlik-ve-yangin-sempozyumu-blog\/\">Mimarl\u0131k ve Yang\u0131n Sempozyumu<\/a><\/p>\n\t\t\t\t\t\t\t\t<p>Mimarl\u0131k ve Yang\u0131n Sempozyumu<\/p>\n\t\t\t\t\t\t\t\t<p class=\"swmsc_rp_boxed_list_button\"><a href=\"https:\/\/www.yapifizigidernegi.org\/tr_TR\/sempozyumlar\/mimarlik-ve-yangin-sempozyumu-blog\/\"><i class=\"fa fa-chevron-right\"><\/i><\/a><\/p>\n\t\t\t\t\t\t\t<\/div>\n\t\t\t\t\t\t<\/div>\n\t\t\t\t\t\t\t<\/div>\n\t\t\t\t\t\t\t<div class=\"clear\"><\/div>\n\t\t\t\t\t\t<\/div>\n\t\t\t\t\t<\/div>\n\t\t\t\t<\/div><\/div><\/div><\/div><\/div>\n\t\t\t\t\t\t\t<div class=\"clear\"><\/div>\n\t\t\t\t\t\t<\/div>\n\t\t\t\t\t<\/div><\/div><\/div><\/div><div class=\"wpb_column vc_column_container vc_col-sm-12\"><div class=\"vc_column-inner\"><div class=\"wpb_wrapper\"><div  class=\"ecoworld-heading-font center uppercase\" ><div style=\"font-size:30px; color:#333333; font-weight:bold; line-height:50px;\">\n\t\t\t\t\tY\u00f6netim\n\t\t\t\t\t<\/div><\/div><div  class=\"swmsc_custom_dividers swmsc_dividers_line2 text_align_center\" style=\"margin-top:15px;margin-bottom:15px; clear:both;\"><span style=\"max-width:40px;background-color:#90be54;\"><\/span><\/div><div  class=\"swmsc_full_width_section\" style=\" background-color:#ffffff;background-size: auto;  padding-top:0px; padding-bottom:0px; margin-top:0px; margin-bottom:0px;  \">\n\t\t\t\t\t\t<div class=\"swmsc_container\">\n\t\t\t\t\t\t\t<div class=\"vc_row wpb_row vc_inner vc_row-fluid\"><div class=\"wpb_column vc_column_container vc_col-sm-1\/5\"><div class=\"vc_column-inner\"><div class=\"wpb_wrapper\"><div   >\n\t\t\t\t\t\t<div class=\"swmsc_team_member\">\n\t\t\t\t\t\t\t<div class=\"swmsc_team_member_content_holder\" >\n\t\t\t\t\t\t\t\t<div class=\"swmsc_team_member_img\" ><a href=\"\/yonetim\/\"><img decoding=\"async\" src=\"https:\/\/www.yapifizigidernegi.org\/wp-content\/uploads\/2024\/06\/Nuri-Serteser.png\" alt=\"\" \/><\/a><\/div>\n\t\t\t\t\t\t\t\t<div class=\"swmsc_team_member_content\" >\n\t\t\t\t\t\t\t\t\t<div class=\"swmsc_team_member_name\" style=\"font-size:20px;\">Do\u00e7. Dr. Nuri Serteser<\/div>\n\t\t\t\t\t\t\t\t\t<p style=\"font-size:14px;\">Dernek Ba\u015fkan\u0131<\/p>\n\t\t\t\t\t\t\t\t\t\n\t\t\t\t\t\t\t\t\t<ul><\/ul>\n\t\t\t\t\t\t\t\t\t<div class=\"clear\"><\/div>\n\t\t\t\t\t\t\t\t<\/div>\n\t\t\t\t\t\t\t<\/div>\n\t\t\t\t\t\t<\/div>\n\t\t\t\t\t<\/div><div  class=\"clear swmsc_gap\" style=\"margin:50px 0 0 0;\"><\/div><\/div><\/div><\/div><div class=\"wpb_column vc_column_container vc_col-sm-1\/5\"><div class=\"vc_column-inner\"><div class=\"wpb_wrapper\"><div   >\n\t\t\t\t\t\t<div class=\"swmsc_team_member\">\n\t\t\t\t\t\t\t<div class=\"swmsc_team_member_content_holder\" >\n\t\t\t\t\t\t\t\t<div class=\"swmsc_team_member_img\" ><a href=\"\/yonetim\"><img decoding=\"async\" src=\"https:\/\/www.yapifizigidernegi.org\/wp-content\/uploads\/2024\/01\/sayman.jpeg\" alt=\"\" \/><\/a><\/div>\n\t\t\t\t\t\t\t\t<div class=\"swmsc_team_member_content\" >\n\t\t\t\t\t\t\t\t\t<div class=\"swmsc_team_member_name\" style=\"font-size:20px;\">Do\u00e7. Dr. \u015eule Filiz Ak\u015fit<\/div>\n\t\t\t\t\t\t\t\t\t<p style=\"font-size:14px;\">Ba\u015fkan Yard\u0131mc\u0131s\u0131<\/p>\n\t\t\t\t\t\t\t\t\t\n\t\t\t\t\t\t\t\t\t<ul><\/ul>\n\t\t\t\t\t\t\t\t\t<div class=\"clear\"><\/div>\n\t\t\t\t\t\t\t\t<\/div>\n\t\t\t\t\t\t\t<\/div>\n\t\t\t\t\t\t<\/div>\n\t\t\t\t\t<\/div><div  class=\"clear swmsc_gap\" style=\"margin:50px 0 0 0;\"><\/div><\/div><\/div><\/div><div class=\"wpb_column vc_column_container vc_col-sm-1\/5\"><div class=\"vc_column-inner\"><div class=\"wpb_wrapper\"><div   >\n\t\t\t\t\t\t<div class=\"swmsc_team_member\">\n\t\t\t\t\t\t\t<div class=\"swmsc_team_member_content_holder\" >\n\t\t\t\t\t\t\t\t<div class=\"swmsc_team_member_img\" ><a href=\"\/yonetim\"><img decoding=\"async\" src=\"https:\/\/www.yapifizigidernegi.org\/wp-content\/uploads\/2024\/06\/Feride-Sener-Yilmaz.png\" alt=\"\" \/><\/a><\/div>\n\t\t\t\t\t\t\t\t<div class=\"swmsc_team_member_content\" >\n\t\t\t\t\t\t\t\t\t<div class=\"swmsc_team_member_name\" style=\"font-size:20px;\">Do\u00e7. Dr. Feride \u015eener Y\u0131lmaz<\/div>\n\t\t\t\t\t\t\t\t\t<p style=\"font-size:14px;\">Genel Sekreter<\/p>\n\t\t\t\t\t\t\t\t\t\n\t\t\t\t\t\t\t\t\t<ul><\/ul>\n\t\t\t\t\t\t\t\t\t<div class=\"clear\"><\/div>\n\t\t\t\t\t\t\t\t<\/div>\n\t\t\t\t\t\t\t<\/div>\n\t\t\t\t\t\t<\/div>\n\t\t\t\t\t<\/div><div  class=\"clear swmsc_gap\" style=\"margin:50px 0 0 0;\"><\/div><\/div><\/div><\/div><div class=\"wpb_column vc_column_container vc_col-sm-1\/5\"><div class=\"vc_column-inner\"><div class=\"wpb_wrapper\"><div   >\n\t\t\t\t\t\t<div class=\"swmsc_team_member\">\n\t\t\t\t\t\t\t<div class=\"swmsc_team_member_content_holder\" >\n\t\t\t\t\t\t\t\t<div class=\"swmsc_team_member_img\" ><a href=\"\/yonetim\/\"><img decoding=\"async\" src=\"https:\/\/www.yapifizigidernegi.org\/wp-content\/uploads\/2024\/06\/Aybike-Kilic.png\" alt=\"\" \/><\/a><\/div>\n\t\t\t\t\t\t\t\t<div class=\"swmsc_team_member_content\" >\n\t\t\t\t\t\t\t\t\t<div class=\"swmsc_team_member_name\" style=\"font-size:20px;\">Ara\u015f. G\u00f6r. Dr. Zehra Aybike K\u0131l\u0131\u00e7<\/div>\n\t\t\t\t\t\t\t\t\t<p style=\"font-size:14px;\">Sayman<\/p>\n\t\t\t\t\t\t\t\t\t\n\t\t\t\t\t\t\t\t\t<ul><\/ul>\n\t\t\t\t\t\t\t\t\t<div class=\"clear\"><\/div>\n\t\t\t\t\t\t\t\t<\/div>\n\t\t\t\t\t\t\t<\/div>\n\t\t\t\t\t\t<\/div>\n\t\t\t\t\t<\/div><div  class=\"clear swmsc_gap\" style=\"margin:50px 0 0 0;\"><\/div><\/div><\/div><\/div><div class=\"wpb_column vc_column_container vc_col-sm-1\/5\"><div class=\"vc_column-inner\"><div class=\"wpb_wrapper\"><div   >\n\t\t\t\t\t\t<div class=\"swmsc_team_member\">\n\t\t\t\t\t\t\t<div class=\"swmsc_team_member_content_holder\" >\n\t\t\t\t\t\t\t\t<div class=\"swmsc_team_member_img\" ><a href=\"\/yonetim\"><img decoding=\"async\" src=\"https:\/\/www.yapifizigidernegi.org\/wp-content\/uploads\/2023\/12\/Doc.Dr_.Tarik-Serhat-Bozkurt-2.jpg\" alt=\"\" \/><\/a><\/div>\n\t\t\t\t\t\t\t\t<div class=\"swmsc_team_member_content\" >\n\t\t\t\t\t\t\t\t\t<div class=\"swmsc_team_member_name\" style=\"font-size:20px;\">Do\u00e7. Dr. Tar\u0131k Serhat Bozkurt<\/div>\n\t\t\t\t\t\t\t\t\t<p style=\"font-size:14px;\">\u00dcye<\/p>\n\t\t\t\t\t\t\t\t\t\n\t\t\t\t\t\t\t\t\t<ul><\/ul>\n\t\t\t\t\t\t\t\t\t<div class=\"clear\"><\/div>\n\t\t\t\t\t\t\t\t<\/div>\n\t\t\t\t\t\t\t<\/div>\n\t\t\t\t\t\t<\/div>\n\t\t\t\t\t<\/div><div  class=\"clear swmsc_gap\" style=\"margin:50px 0 0 0;\"><\/div><\/div><\/div><\/div><\/div>\n\t\t\t\t\t\t\t<div class=\"clear\"><\/div>\n\t\t\t\t\t\t<\/div>\n\t\t\t\t\t<\/div><\/div><\/div><\/div><\/div>\n<\/section>","protected":false},"excerpt":{"rendered":"M\u0130MARLIK VE YANGIN SEMPOZYUMU Binalar\u0131 tasarlayan bizlerin, belki de \u00e7o\u011funlukla g\u00f6zden ka\u00e7\u0131rd\u0131\u011f\u0131 \u00f6nemli bir fakt\u00f6r var: yang\u0131n. \u00c7o\u011funlukla binalar\u0131 estetik ihtiya\u00e7lardan vazge\u00e7meden insan konforunu \u00fcst seviyede ger\u00e7ekle\u015ftirecek \u00f6zelliklerde tasarlamay\u0131 is\u0327 edinirken, belki ba\u015f\u0131m\u0131za gelme ihtimali d\u00fc\u015f\u00fck oldu\u011funu sand\u0131\u011f\u0131m\u0131z yang\u0131n emniyeti ile ilgili konular\u0131 ihmal edebiliyoruz. Hatta bunun \u00e7og\u0306u zaman bir [...]","protected":false},"author":1,"featured_media":0,"parent":0,"menu_order":0,"comment_status":"closed","ping_status":"closed","template":"templates\/100-width.php","meta":{"om_disable_all_campaigns":false,"_monsterinsights_skip_tracking":false,"_monsterinsights_sitenote_active":false,"_monsterinsights_sitenote_note":"","_monsterinsights_sitenote_category":0,"footnotes":""},"class_list":["post-1567","page","type-page","status-publish","hentry"],"aioseo_notices":[],"_links":{"self":[{"href":"https:\/\/www.yapifizigidernegi.org\/tr_TR\/wp-json\/wp\/v2\/pages\/1567","targetHints":{"allow":["GET"]}}],"collection":[{"href":"https:\/\/www.yapifizigidernegi.org\/tr_TR\/wp-json\/wp\/v2\/pages"}],"about":[{"href":"https:\/\/www.yapifizigidernegi.org\/tr_TR\/wp-json\/wp\/v2\/types\/page"}],"author":[{"embeddable":true,"href":"https:\/\/www.yapifizigidernegi.org\/tr_TR\/wp-json\/wp\/v2\/users\/1"}],"replies":[{"embeddable":true,"href":"https:\/\/www.yapifizigidernegi.org\/tr_TR\/wp-json\/wp\/v2\/comments?post=1567"}],"version-history":[{"count":56,"href":"https:\/\/www.yapifizigidernegi.org\/tr_TR\/wp-json\/wp\/v2\/pages\/1567\/revisions"}],"predecessor-version":[{"id":2500,"href":"https:\/\/www.yapifizigidernegi.org\/tr_TR\/wp-json\/wp\/v2\/pages\/1567\/revisions\/2500"}],"wp:attachment":[{"href":"https:\/\/www.yapifizigidernegi.org\/tr_TR\/wp-json\/wp\/v2\/media?parent=1567"}],"curies":[{"name":"wp","href":"https:\/\/api.w.org\/{rel}","templated":true}]}}