{"id":1592,"date":"2023-12-25T16:00:57","date_gmt":"2023-12-25T13:00:57","guid":{"rendered":"https:\/\/testnewwebsite.yapifizigidernegi.org\/?page_id=1592"},"modified":"2025-10-20T00:27:48","modified_gmt":"2025-10-19T21:27:48","slug":"yonetim","status":"publish","type":"page","link":"https:\/\/www.yapifizigidernegi.org\/tr_TR\/yonetim\/","title":{"rendered":"Y\u00d6NET\u0130M"},"content":{"rendered":"<section class=\"wpb-content-wrapper\"><div class=\"vc_row wpb_row vc_row-fluid\"><div class=\"wpb_column vc_column_container vc_col-sm-4\"><div class=\"vc_column-inner\"><div class=\"wpb_wrapper\"><div   >\n\t\t\t\t\t\t<div class=\"swmsc_team_member\">\n\t\t\t\t\t\t\t<div class=\"swmsc_team_member_content_holder\" >\n\t\t\t\t\t\t\t\t<div class=\"swmsc_team_member_img\" ><img decoding=\"async\" src=\"https:\/\/www.yapifizigidernegi.org\/wp-content\/uploads\/2024\/06\/Nuri-Serteser.png\" alt=\"\" \/><\/div>\n\t\t\t\t\t\t\t\t<div class=\"swmsc_team_member_content\" >\n\t\t\t\t\t\t\t\t\t<div class=\"swmsc_team_member_name\" style=\"font-size:20px;\">Do\u00e7. Dr. Nuri Serteser<\/div>\n\t\t\t\t\t\t\t\t\t<p style=\"font-size:14px;\">Dernek Ba\u015fkan\u0131<\/p>\n\t\t\t\t\t\t\t\t\t<div class=\"swmsc_team_member_bio\" ><div class=\"swmsc_team_member_bio_divider\"><span><\/span><\/div>\n<p style=\"text-align: left;\">\u0130T\u00dc Mimarl\u0131k Fak\u00fcltesi Mimarl\u0131k B\u00f6l\u00fcm\u00fc \u00f6\u011fretim \u00fcyesidir. Fiziksel \u00c7evre Kontrol\u00fc \u00e7al\u0131\u015fma alan\u0131, yap\u0131 teknolojisi ve yang\u0131n emniyeti ile ilgili hem \u0130T\u00dc hem de di\u011fer \u00fcniversitelerde lisans ve y\u00fcksek lisans d\u00fczeyinde dersler vermektedir. Uzmanl\u0131k alan\u0131 olan\u00a0 <div  class=\"swmsc_toggle_box\"  data-id=\"closed\" >\n\t\t\t\t\t\t<span class=\"swmsc_toggle_box_title\"><span class=\"swmsc_toggle_box_title_text no_icon\">Devam\u0131<i class=\"fa fa-plus-square-o openclose\"><\/i><i class=\"fa fa-minus-square-o openclose\"><\/i><\/span><\/span>\n\t\t\t\t\t\t<div class=\"swmsc_toggle_box_inner\">\n\t\t\t\t\t\t\t <p> \u00a0\u201cBinalarda Yang\u0131n Emniyeti\u201d ile ilgili University of Maryland Fire Protection Engineering B\u00f6l\u00fcm\u00fc\u2019nde doktora sonras\u0131 akademik ara\u015ft\u0131rmalarda bulunmu\u015ftur. Projelerin tasar\u0131m s\u00fcre\u00e7lerinde yang\u0131na kar\u015f\u0131 al\u0131nabilecek \u00f6nlemler konusunda \u00fcniversite-sanayi i\u015fbirli\u011fi \u00e7er\u00e7evesinde ara\u015ft\u0131rma projeleri y\u00fcr\u00fctmekte ve dan\u0131\u015fmanl\u0131k \u00e7al\u0131\u015fmalar\u0131 yapmaktad\u0131r. \u00c7evre ve \u015eehircilik Bakanl\u0131\u011f\u0131 taraf\u0131ndan y\u00fcr\u00fct\u00fclen \u201cYe\u015fil Bina ve Yerle\u015fmeler Sertifika\u201d projesinde \u201cYang\u0131n Emniyeti\u201d b\u00f6l\u00fcm\u00fcn\u00fcn olu\u015fturulmas\u0131 \u00e7al\u0131\u015fmalar\u0131n\u0131 y\u00fcr\u00fctm\u00fc\u015ft\u00fcr. Ayr\u0131ca T\u00dcYAK ve \u0130MSAD b\u00fcnyesindeki yang\u0131n konulu komisyonlarda aktif \u00fcye olarak yer almaktad\u0131r. Ayn\u0131 zamanda \u201cBina ve Yak\u0131n \u00c7evresinde R\u00fczgar Kontrol\u00fc\u201d ile ilgili \u00e7al\u0131\u015fmalarda bulunmakta, r\u00fczgar konforsuzlu\u011fu ve bina aerodinami\u011fi konular\u0131nda ara\u015ft\u0131rma projeleri ve dan\u0131\u015fmanl\u0131k faaliyetlerini s\u00fcrd\u00fcrmektedir. <\/p> \n\t\t\t\t\t\t<\/div>\n\t\t\t\t\t<\/div>\n<div class=\"clear\"><\/div><\/div>\n\t\t\t\t\t\t\t\t\t<ul><\/ul>\n\t\t\t\t\t\t\t\t\t<div class=\"clear\"><\/div>\n\t\t\t\t\t\t\t\t<\/div>\n\t\t\t\t\t\t\t<\/div>\n\t\t\t\t\t\t<\/div>\n\t\t\t\t\t<\/div><\/div><\/div><\/div><div class=\"wpb_column vc_column_container vc_col-sm-4\"><div class=\"vc_column-inner\"><div class=\"wpb_wrapper\"><div   >\n\t\t\t\t\t\t<div class=\"swmsc_team_member\">\n\t\t\t\t\t\t\t<div class=\"swmsc_team_member_content_holder\" >\n\t\t\t\t\t\t\t\t<div class=\"swmsc_team_member_img\" ><img decoding=\"async\" src=\"https:\/\/www.yapifizigidernegi.org\/wp-content\/uploads\/2024\/01\/sayman.jpeg\" alt=\"\" \/><\/div>\n\t\t\t\t\t\t\t\t<div class=\"swmsc_team_member_content\" >\n\t\t\t\t\t\t\t\t\t<div class=\"swmsc_team_member_name\" style=\"font-size:20px;\">Do\u00e7. Dr. \u015eule Filiz Ak\u015fit<\/div>\n\t\t\t\t\t\t\t\t\t<p style=\"font-size:14px;\">Ba\u015fkan Yard\u0131mc\u0131s\u0131<\/p>\n\t\t\t\t\t\t\t\t\t<div class=\"swmsc_team_member_bio\" ><div class=\"swmsc_team_member_bio_divider\"><span><\/span><\/div>\n<p style=\"text-align: left;\">Do\u00e7. Dr. \u015e. Filiz Ak\u015fit, 1989 y\u0131l\u0131nda \u0130T\u00dc Mimarl\u0131k Fak\u00fcltesi Mimarl\u0131k B\u00f6l\u00fcm\u00fc\u2019n\u00fc, 1993 y\u0131l\u0131nda \u0130T\u00dc FBE Yap\u0131 Bilgisi Y\u00fcksek Lisans Program\u0131n\u0131 ve 2002 y\u0131l\u0131nda ise Yap\u0131 Bilgisi Doktora Program\u0131n\u0131 tamamlam\u0131\u015ft\u0131r. 1991 y\u0131l\u0131ndan bu yana \u0130.T.\u00dc. Mimarl\u0131k Fak\u00fcltesinde g\u00f6revini s\u00fcrd\u00fcrmektedir.\u00a0<div  class=\"swmsc_toggle_box\"  data-id=\"closed\" >\n\t\t\t\t\t\t<span class=\"swmsc_toggle_box_title\"><span class=\"swmsc_toggle_box_title_text no_icon\">Devam\u0131<i class=\"fa fa-plus-square-o openclose\"><\/i><i class=\"fa fa-minus-square-o openclose\"><\/i><\/span><\/span>\n\t\t\t\t\t\t<div class=\"swmsc_toggle_box_inner\">\n\t\t\t\t\t\t\t <p> \u00a0Enerji Etkin Bina Tasar\u0131m\u0131, Binalarda G\u00fcne\u015f Enerjisi Kullan\u0131m\u0131, So\u011futma Enerjisi Korunumu vb. konularda \u00e7e\u015fitli \u00e7al\u0131\u015fmalar\u0131 ve yay\u0131nlar\u0131 vard\u0131r. Halen \u0130.T.\u00dc. Mimarl\u0131k Fak\u00fcltesi Mimarl\u0131k B\u00f6l\u00fcm\u00fcnde, Yap\u0131 Fizi\u011fi ve Fiziksel \u00c7evre Kontrol\u00fc alan\u0131nda e\u011fitim, \u00f6\u011fretim, ara\u015ft\u0131rma ve akademik \u00e7al\u0131\u015fmalar\u0131na devam etmektedir. <\/p> \n\t\t\t\t\t\t<\/div>\n\t\t\t\t\t<\/div>\n<div class=\"clear\"><\/div><\/div>\n\t\t\t\t\t\t\t\t\t<ul><\/ul>\n\t\t\t\t\t\t\t\t\t<div class=\"clear\"><\/div>\n\t\t\t\t\t\t\t\t<\/div>\n\t\t\t\t\t\t\t<\/div>\n\t\t\t\t\t\t<\/div>\n\t\t\t\t\t<\/div><\/div><\/div><\/div><div class=\"wpb_column vc_column_container vc_col-sm-4\"><div class=\"vc_column-inner\"><div class=\"wpb_wrapper\"><div   >\n\t\t\t\t\t\t<div class=\"swmsc_team_member\">\n\t\t\t\t\t\t\t<div class=\"swmsc_team_member_content_holder\" >\n\t\t\t\t\t\t\t\t<div class=\"swmsc_team_member_img\" ><img decoding=\"async\" src=\"https:\/\/www.yapifizigidernegi.org\/wp-content\/uploads\/2024\/06\/Feride-Sener-Yilmaz.png\" alt=\"\" \/><\/div>\n\t\t\t\t\t\t\t\t<div class=\"swmsc_team_member_content\" >\n\t\t\t\t\t\t\t\t\t<div class=\"swmsc_team_member_name\" style=\"font-size:20px;\">Do\u00e7. Dr. Feride \u015eener Y\u0131lmaz<\/div>\n\t\t\t\t\t\t\t\t\t<p style=\"font-size:14px;\">Genel Sekreter<\/p>\n\t\t\t\t\t\t\t\t\t<div class=\"swmsc_team_member_bio\" ><div class=\"swmsc_team_member_bio_divider\"><span><\/span><\/div>\n<p style=\"text-align: left;\">Do\u00e7. Dr. Feride \u015eENER YILMAZ, 2006\u2019da Gazi \u00dcniversitesi Mimarl\u0131k B\u00f6l\u00fcm\u00fc\u2019nden mezun olarak mimar, 2009\u2019da \u0130T\u00dc \u00c7evre Kontrol\u00fc ve Yap\u0131 Teknolojisi Y\u00fcksek Lisans Program\u0131n\u0131 tamamlayarak y\u00fcksek mimar, 2015 y\u0131l\u0131nda ise \u0130T\u00dc Yap\u0131 Bilimleri Doktora Program\u0131n\u0131 <div  class=\"swmsc_toggle_box\"  data-id=\"closed\" >\n\t\t\t\t\t\t<span class=\"swmsc_toggle_box_title\"><span class=\"swmsc_toggle_box_title_text no_icon\">Devam\u0131<i class=\"fa fa-plus-square-o openclose\"><\/i><i class=\"fa fa-minus-square-o openclose\"><\/i><\/span><\/span>\n\t\t\t\t\t\t<div class=\"swmsc_toggle_box_inner\">\n\t\t\t\t\t\t\t <p> \u00a0\u201cLisans\u00fcst\u00fc En Ba\u015far\u0131l\u0131 Doktora Tez \u00d6d\u00fcl\u00fc\u201d ile tamamlayarak doktor unvanlar\u0131n\u0131 alm\u0131\u015ft\u0131r. 2007 y\u0131l\u0131ndan itibaren \u0130T\u00dc Mimarl\u0131k Fak\u00fcltesi, Mimarl\u0131k B\u00f6l\u00fcm\u00fc\u2019nde g\u00f6rev yapmaktad\u0131r. Akademik \u00e7al\u0131\u015fmalar\u0131 s\u0131ras\u0131nda Almanya\u2019da bulunan Stuttgart Uygulamal\u0131 Bilimler \u00dcniversitesi Yap\u0131 Fizi\u011fi B\u00f6l\u00fcm\u00fc\u2019nde ve \u0130ngiltere\u2019de bulunan Building Research Establishment (BRE) kurulu\u015flar\u0131nda ara\u015ft\u0131rmac\u0131 olarak g\u00f6rev alm\u0131\u015ft\u0131r. Do\u00e7. Dr. Feride \u015eENER YILMAZ\u2019\u0131n mimari ayd\u0131nlatma tasar\u0131m\u0131, g\u00f6rsel konfor, mimaride do\u011fal ayd\u0131nlatma, bina enerji performans\u0131 konular\u0131nda ulusal ve uluslararas\u0131 ara\u015ft\u0131rma projeleri, yay\u0131nlar\u0131, bilim kurulu \u00fcyelikleri ve dersleri bulunmaktad\u0131r. Ayd\u0131nlatma T\u00fcrk Milli Komitesi \u00fcyesi ve Yap\u0131 Fizi\u011fi Derne\u011fi kurucu \u00fcyesidir. <\/p> \n\t\t\t\t\t\t<\/div>\n\t\t\t\t\t<\/div>\n<p>&nbsp;<div class=\"clear\"><\/div><\/div>\n\t\t\t\t\t\t\t\t\t<ul><\/ul>\n\t\t\t\t\t\t\t\t\t<div class=\"clear\"><\/div>\n\t\t\t\t\t\t\t\t<\/div>\n\t\t\t\t\t\t\t<\/div>\n\t\t\t\t\t\t<\/div>\n\t\t\t\t\t<\/div><\/div><\/div><\/div><\/div><div class=\"vc_row wpb_row vc_row-fluid\"><div class=\"wpb_column vc_column_container vc_col-sm-4\"><div class=\"vc_column-inner\"><div class=\"wpb_wrapper\"><div   >\n\t\t\t\t\t\t<div class=\"swmsc_team_member\">\n\t\t\t\t\t\t\t<div class=\"swmsc_team_member_content_holder\" >\n\t\t\t\t\t\t\t\t<div class=\"swmsc_team_member_img\" ><img decoding=\"async\" src=\"https:\/\/www.yapifizigidernegi.org\/wp-content\/uploads\/2024\/06\/Aybike-Kilic.png\" alt=\"\" \/><\/div>\n\t\t\t\t\t\t\t\t<div class=\"swmsc_team_member_content\" >\n\t\t\t\t\t\t\t\t\t<div class=\"swmsc_team_member_name\" style=\"font-size:20px;\">Ara\u015f. G\u00f6r. Dr. Zehra Aybike K\u0131l\u0131\u00e7<\/div>\n\t\t\t\t\t\t\t\t\t<p style=\"font-size:14px;\">Sayman<\/p>\n\t\t\t\t\t\t\t\t\t<div class=\"swmsc_team_member_bio\" ><div class=\"swmsc_team_member_bio_divider\"><span><\/span><\/div>\n<p style=\"text-align: left;\"><span lang=\"EN-US\">Zehra Aybike K\u0131l\u0131\u00e7, 2014 y\u0131l\u0131nda tam burslu olarak girdi\u011fi \u0130stanbul Arel \u00dcniversitesi Mimarl\u0131k B\u00f6l\u00fcm\u00fc\u2019nden birincilikle mezun olmu\u015ftur. Mezun olduktan sonra \u00e7e\u015fitli firmalarda mimar olarak \u00e7al\u0131\u015fm\u0131\u015f,<\/span> <div  class=\"swmsc_toggle_box\"  data-id=\"closed\" >\n\t\t\t\t\t\t<span class=\"swmsc_toggle_box_title\"><span class=\"swmsc_toggle_box_title_text no_icon\">Devam\u0131<i class=\"fa fa-plus-square-o openclose\"><\/i><i class=\"fa fa-minus-square-o openclose\"><\/i><\/span><\/span>\n\t\t\t\t\t\t<div class=\"swmsc_toggle_box_inner\">\n\t\t\t\t\t\t\t <p> <span lang=\"EN-US\">ayn\u0131 zamanda 2015 y\u0131l\u0131 itibari ile \u0130stanbul Teknik \u00dcniversitesi \u00c7evre Kontrol\u00fc ve Yap\u0131 Teknolojileri y\u00fcksek lisans program\u0131nda master e\u011fitimine ba\u015flam\u0131\u015ft\u0131r. 2018 y\u0131l\u0131nda \u201c<i>Cephe a\u00e7\u0131kl\u0131klar\u0131n\u0131n i\u00e7 mekandaki g\u00fcn\u0131\u015f\u0131\u011f\u0131 performans\u0131na etkisinin konut \u00f6rne\u011finde incelenmesi<\/i>\u201d ba\u015fl\u0131kl\u0131 tezini vererek y\u00fcksek lisans e\u011fitimini ba\u015far\u0131 ile tamamlam\u0131\u015ft\u0131r. Ayn\u0131 y\u0131l, \u0130stanbul Teknik \u00dcniversitesi Mimarl\u0131k Fak\u00fcltesi\u2019nde ara\u015ft\u0131rma g\u00f6revlisi olarak \u00e7al\u0131\u015fmaya ba\u015flam\u0131\u015ft\u0131r. K\u0131l\u0131\u00e7, 2018 y\u0131l\u0131ndan itibaren yap\u0131 bilimleri alan\u0131nda doktora \u00e7al\u0131\u015fmas\u0131n\u0131 y\u00fcr\u00fctmekte olup, \u201c<i>Do\u011fal ve Yapma Ayd\u0131nlatma Sistemleri, Binalarda G\u00fcn\u0131\u015f\u0131\u011f\u0131 Performans\u0131, Ayd\u0131nlatmada Enerji Etkinlik ve Enerji Etkin Binalar<\/i>\u201d konular\u0131nda ara\u015ft\u0131rmalar\u0131n\u0131 s\u00fcrd\u00fcrmektedir. Ara\u015ft\u0131rma konular\u0131 kapsam\u0131nda \u00e7e\u015fitli ulusal ve uluslararas\u0131 yay\u0131nlar\u0131 olmakla birlikte, Bilimsel Ara\u015ft\u0131rma Projeleri kapsam\u0131nda \u00e7e\u015fitli projelerde ara\u015ft\u0131rmac\u0131 olarak yer alm\u0131\u015ft\u0131r. Ulusal projelerin yan\u0131s\u0131ra K\u0131l\u0131\u00e7, Uluslararas\u0131 Enerji Ajans\u0131(IEA) SHC&amp;EBC programlar\u0131 kapsam\u0131nda ger\u00e7ekle\u015ftirilen bir projede ulusal temsilci olarak g\u00f6rev almaktad\u0131r. K\u0131l\u0131\u00e7, ayn\u0131 zamanda \u00c7evre, \u015eehircilik ve \u0130klim De\u011fi\u015fikli\u011fi Bakanl\u0131\u011f\u0131 ile \u0130stanbul Teknik \u00dcniversitesi aras\u0131nda ortak y\u00fcr\u00fct\u00fclen \u201c<i>Binalar ve Yerle\u015fmeler i\u00e7in Ye\u015fil Sertifika<\/i>\u201d e\u011fitim program kapsam\u0131nda aktif olarak rol almaktad\u0131r<\/span><span lang=\"EN-US\">.<\/span>\u00a0<\/p> \n\t\t\t\t\t\t<\/div>\n\t\t\t\t\t<\/div>\n<div>\n<p><span lang=\"EN-US\">\u00a0<\/span><\/p>\n<\/div>\n<div class=\"clear\"><\/div><\/div>\n\t\t\t\t\t\t\t\t\t<ul><\/ul>\n\t\t\t\t\t\t\t\t\t<div class=\"clear\"><\/div>\n\t\t\t\t\t\t\t\t<\/div>\n\t\t\t\t\t\t\t<\/div>\n\t\t\t\t\t\t<\/div>\n\t\t\t\t\t<\/div><\/div><\/div><\/div><div class=\"wpb_column vc_column_container vc_col-sm-4\"><div class=\"vc_column-inner\"><div class=\"wpb_wrapper\"><div   >\n\t\t\t\t\t\t<div class=\"swmsc_team_member\">\n\t\t\t\t\t\t\t<div class=\"swmsc_team_member_content_holder\" >\n\t\t\t\t\t\t\t\t<div class=\"swmsc_team_member_img\" ><img decoding=\"async\" src=\"https:\/\/www.yapifizigidernegi.org\/wp-content\/uploads\/2023\/12\/Doc.Dr_.Tarik-Serhat-Bozkurt-2.jpg\" alt=\"\" \/><\/div>\n\t\t\t\t\t\t\t\t<div class=\"swmsc_team_member_content\" >\n\t\t\t\t\t\t\t\t\t<div class=\"swmsc_team_member_name\" style=\"font-size:20px;\">Do\u00e7. Dr. Tar\u0131k Serhat Bozkurt<\/div>\n\t\t\t\t\t\t\t\t\t<p style=\"font-size:14px;\">\u00dcye<\/p>\n\t\t\t\t\t\t\t\t\t<div class=\"swmsc_team_member_bio\" ><div class=\"swmsc_team_member_bio_divider\"><span><\/span><\/div>\n<p style=\"text-align: left;\">\u0130stanbul Teknik \u00dcniversitesi Mimarl\u0131k Fak\u00fcltesi Mimarl\u0131k B\u00f6l\u00fcm\u00fcnden 2007 y\u0131l\u0131nda mezun olmu\u015ftur. \u0130stanbul Teknik \u00dcniversitesi \u00c7evre Kontrol\u00fc ve Yap\u0131 Teknolojisi Y\u00fcksek Lisans Program\u0131n\u0131 2010 y\u0131l\u0131nda tamamlam\u0131\u015ft\u0131r. <div  class=\"swmsc_toggle_box\"  data-id=\"closed\" >\n\t\t\t\t\t\t<span class=\"swmsc_toggle_box_title\"><span class=\"swmsc_toggle_box_title_text no_icon\">Devam\u0131<i class=\"fa fa-plus-square-o openclose\"><\/i><i class=\"fa fa-minus-square-o openclose\"><\/i><\/span><\/span>\n\t\t\t\t\t\t<div class=\"swmsc_toggle_box_inner\">\n\t\t\t\t\t\t\t <p> \u0130stanbul Teknik \u00dcniversitesi Yap\u0131 Bilimleri Doktora Program\u0131ndan 2019 y\u0131l\u0131nda mezun olmu\u015ftur. Mimari Akustik ve Fiziksel \u00c7evre Kontrol\u00fc konular\u0131nda ara\u015ft\u0131rmalar yapmaktad\u0131r. <\/p> \n\t\t\t\t\t\t<\/div>\n\t\t\t\t\t<\/div>\n<div class=\"clear\"><\/div><\/div>\n\t\t\t\t\t\t\t\t\t<ul><\/ul>\n\t\t\t\t\t\t\t\t\t<div class=\"clear\"><\/div>\n\t\t\t\t\t\t\t\t<\/div>\n\t\t\t\t\t\t\t<\/div>\n\t\t\t\t\t\t<\/div>\n\t\t\t\t\t<\/div><\/div><\/div><\/div><div class=\"wpb_column vc_column_container vc_col-sm-4\"><div class=\"vc_column-inner\"><div class=\"wpb_wrapper\"><\/div><\/div><\/div><\/div>\n<\/section>","protected":false},"excerpt":{"rendered":"Do\u00e7. Dr. Nuri Serteser Dernek Ba\u015fkan\u0131 \u0130T\u00dc Mimarl\u0131k Fak\u00fcltesi Mimarl\u0131k B\u00f6l\u00fcm\u00fc \u00f6\u011fretim \u00fcyesidir. Fiziksel \u00c7evre Kontrol\u00fc \u00e7al\u0131\u015fma alan\u0131, yap\u0131 teknolojisi ve yang\u0131n emniyeti ile ilgili hem \u0130T\u00dc hem de di\u011fer \u00fcniversitelerde lisans ve y\u00fcksek lisans d\u00fczeyinde dersler vermektedir. Uzmanl\u0131k alan\u0131 olan\u00a0 Devam\u0131 \u00a0\u201cBinalarda Yang\u0131n Emniyeti\u201d ile ilgili University of Maryland [...]","protected":false},"author":1,"featured_media":0,"parent":0,"menu_order":0,"comment_status":"closed","ping_status":"closed","template":"","meta":{"om_disable_all_campaigns":false,"_monsterinsights_skip_tracking":false,"_monsterinsights_sitenote_active":false,"_monsterinsights_sitenote_note":"","_monsterinsights_sitenote_category":0,"footnotes":""},"class_list":["post-1592","page","type-page","status-publish","hentry"],"aioseo_notices":[],"_links":{"self":[{"href":"https:\/\/www.yapifizigidernegi.org\/tr_TR\/wp-json\/wp\/v2\/pages\/1592","targetHints":{"allow":["GET"]}}],"collection":[{"href":"https:\/\/www.yapifizigidernegi.org\/tr_TR\/wp-json\/wp\/v2\/pages"}],"about":[{"href":"https:\/\/www.yapifizigidernegi.org\/tr_TR\/wp-json\/wp\/v2\/types\/page"}],"author":[{"embeddable":true,"href":"https:\/\/www.yapifizigidernegi.org\/tr_TR\/wp-json\/wp\/v2\/users\/1"}],"replies":[{"embeddable":true,"href":"https:\/\/www.yapifizigidernegi.org\/tr_TR\/wp-json\/wp\/v2\/comments?post=1592"}],"version-history":[{"count":48,"href":"https:\/\/www.yapifizigidernegi.org\/tr_TR\/wp-json\/wp\/v2\/pages\/1592\/revisions"}],"predecessor-version":[{"id":2470,"href":"https:\/\/www.yapifizigidernegi.org\/tr_TR\/wp-json\/wp\/v2\/pages\/1592\/revisions\/2470"}],"wp:attachment":[{"href":"https:\/\/www.yapifizigidernegi.org\/tr_TR\/wp-json\/wp\/v2\/media?parent=1592"}],"curies":[{"name":"wp","href":"https:\/\/api.w.org\/{rel}","templated":true}]}}