{"id":1595,"date":"2023-12-25T16:01:27","date_gmt":"2023-12-25T13:01:27","guid":{"rendered":"https:\/\/testnewwebsite.yapifizigidernegi.org\/?page_id=1595"},"modified":"2026-04-20T14:21:32","modified_gmt":"2026-04-20T11:21:32","slug":"uyelik","status":"publish","type":"page","link":"https:\/\/www.yapifizigidernegi.org\/tr_TR\/uyelik\/","title":{"rendered":"\u00dcYEL\u0130K"},"content":{"rendered":"<section class=\"wpb-content-wrapper\"><div class=\"vc_row wpb_row vc_row-fluid\"><div class=\"wpb_column vc_column_container vc_col-sm-12\"><div class=\"vc_column-inner\"><div class=\"wpb_wrapper\"><div class=\"center\"><div  class=\"swmsc_image_lightbox  image_center\" >\n\n\t\t\t\t\t\t<div class=\"swmsc_image_lightbox_img\"><img decoding=\"async\" alt=\"\" src=\"https:\/\/www.yapifizigidernegi.org\/wp-content\/uploads\/2024\/03\/WhatsApp-Image-2023-05-17-at-11.29.52-e1711288222219.jpeg\" class=\"\" style=\"border-radius:5px;\" \/><div class=\"swmsc_img_overlay\" style=\"border-radius:5px;\">\n\t\t\t\t\t\t\t\t\t\t\t\t<a class=\"swmsc_popup_img\" href=\"#\" title=\"\" target=\"_self\" >\n\t\t\t\t\t\t\t\t\t\t\t\t\t<i class=\"fa fa-search\"><\/i>\n\t\t\t\t\t\t\t\t\t\t\t\t<\/a>\n\t\t\t\t\t\t\t\t\t\t\t<\/div><\/div><\/div><\/div>\n\t<div class=\"wpb_text_column wpb_content_element  vc_custom_1711294703960\" >\n\t\t<div class=\"wpb_wrapper\">\n\t\t\t<h4 style=\"text-align: center;\"><span style=\"color: #ffffff;\"><strong><u>\u00dcYELER\u0130M\u0130Z<\/u><\/strong><\/span><\/h4>\n\n\t\t<\/div>\n\t<\/div>\n\n\t<div class=\"wpb_text_column wpb_content_element \" >\n\t\t<div class=\"wpb_wrapper\">\n\t\t\t<blockquote>\n<p>Yap\u0131 Fizi\u011fi Derne\u011fi\u2019nin g\u00fcncel durumda b\u00fcy\u00fck b\u00f6l\u00fcm\u00fc \u00e7e\u015fitli \u00fcniversitelerde g\u00f6rev alan de\u011ferli akademisyenlerden olu\u015fan 43 ger\u00e7ek, 2 t\u00fczel \u00fcye olmak \u00fczere\u00a0toplam 45 \u00fcyesi bulunmaktad\u0131r.<\/p>\n<p>Yap\u0131 Fizi\u011fi Derne\u011fi, yap\u0131 fizi\u011fi alan\u0131nda ulusal \u00f6l\u00e7ekte bilimsel \u00e7al\u0131\u015fmalar\u0131n art\u0131r\u0131lmas\u0131, sanayi ve \u00fcniversite i\u015fbirliklerinin g\u00fc\u00e7lendirilmesi amac\u0131yla ilgili konularda \u00e7al\u0131\u015fan herkesin \u00fcyeli\u011fine a\u00e7\u0131kt\u0131r. \u00dcye olmak i\u00e7in a\u015fa\u011f\u0131da yer alan formu doldurarak talep olu\u015fturabilirsiniz.<\/p>\n<p>\u00dcyelik aidat\u0131 2024 y\u0131l\u0131nda ger\u00e7ekle\u015ftirilen 8. Ola\u011fan Kurul karar\u0131 gere\u011fi ki\u015fisel \u00fcyeler i\u00e7in y\u0131ll\u0131k 200 TL, kurumsal \u00fcyeler i\u00e7in 2000 TL olarak belirlenmi\u015ftir.<\/p>\n<\/blockquote>\n\n\t\t<\/div>\n\t<\/div>\n<div  class=\"clear swmsc_gap\" style=\"margin:30px 0 0 0;\"><\/div>\n\t<div class=\"wpb_text_column wpb_content_element  vc_custom_1711294716706\" >\n\t\t<div class=\"wpb_wrapper\">\n\t\t\t<h4 style=\"text-align: center;\"><span style=\"color: #ffffff;\"><strong><u>KURUCU \u00dcYELER\u0130M\u0130Z<\/u><\/strong><\/span><\/h4>\n\n\t\t<\/div>\n\t<\/div>\n<\/div><\/div><\/div><\/div><div class=\"vc_row wpb_row vc_row-fluid\"><div class=\"wpb_column vc_column_container vc_col-sm-4\"><div class=\"vc_column-inner\"><div class=\"wpb_wrapper\"><ul  class=\"swmsc_the_icons\" >\n\t\t\t\t\t\t<li><i class=\"fa fa-user-plus\" style=\"color:#81d742;\"><\/i>\n<pre>G\u00fcl Ko\u00e7lar Oral\nZerrin Y\u0131lmaz\nVildan Ok\nSevtap Y\u0131lmaz Demirkale\nAlpin K\u00f6knel Yener<\/pre>\n<\/li>\n\t\t\t\t\t<\/ul><\/div><\/div><\/div><div class=\"wpb_column vc_column_container vc_col-sm-4\"><div class=\"vc_column-inner\"><div class=\"wpb_wrapper\"><ul  class=\"swmsc_the_icons\" >\n\t\t\t\t\t\t<li><i class=\"fa fa-- Select Icon -\" style=\"color:#81d742;\"><\/i>\n<pre>Nurg\u00fcn Tamer Bayaz\u0131t\nMurat \u00c7akan \nG\u00fclten Manio\u011flu \nMustafa \u00d6zg\u00fcnler \n\u015eule Filiz Ak\u015fit<\/pre>\n<\/li>\n\t\t\t\t\t<\/ul><\/div><\/div><\/div><div class=\"wpb_column vc_column_container vc_col-sm-4\"><div class=\"vc_column-inner\"><div class=\"wpb_wrapper\"><ul  class=\"swmsc_the_icons\" >\n\t\t\t\t\t\t<li><i class=\"fa fa-- Select Icon -\" style=\"color:#606060;\"><\/i>\n<pre>Nuri Serteser\nMine A\u015f\u00e7\u0131gil Din\u00e7er\nFeride Y\u0131lmaz \u015eener<\/pre>\n<\/li>\n\t\t\t\t\t<\/ul><\/div><\/div><\/div><\/div><div class=\"vc_row wpb_row vc_row-fluid vc_custom_1705737211443\"><div class=\"wpb_column vc_column_container vc_col-sm-12\"><div class=\"vc_column-inner\"><div class=\"wpb_wrapper\">\n\t<div class=\"wpb_text_column wpb_content_element  vc_custom_1711294728073\" >\n\t\t<div class=\"wpb_wrapper\">\n\t\t\t<h4 style=\"text-align: center;\"><span style=\"color: #ffffff;\"><strong><u>DERNEK \u00dcYELER\u0130<\/u><\/strong><\/span><\/h4>\n\n\t\t<\/div>\n\t<\/div>\n<\/div><\/div><\/div><\/div><div class=\"vc_row wpb_row vc_row-fluid\"><div class=\"wpb_column vc_column_container vc_col-sm-4\"><div class=\"vc_column-inner\"><div class=\"wpb_wrapper\"><ul  class=\"swmsc_the_icons\" >\n\t\t\t\t\t\t<li><i class=\"fa fa-users\" style=\"color:#81d742;\"><\/i>\n<pre style=\"font-weight: 400;\">Ahmet Bircan Atmaca\nAlpay Akg\u00fc\u00e7\nAlper Aslan\nAlpin K\u00f6knel Yener\nAsya Larisa Coutinho Kitapc\u0131\nAy\u015fe Nil T\u00fcrkeri\nBanu Manav\nBilge \u015ean \u00d6zbilen\nDilara Demir Tunca\nEda K\u00f6se Murathan\nEgemen Kaymaz\nElif Ranaer Harputluo\u011flu\nErhan Ar\u0131\u00f6z\nEsma M\u0131hlayanlar\nFeride Y\u0131lmaz \u015eener\nFiliz Umaro\u011fullar\u0131\nG\u00f6k\u00e7e Erdemir \u015eendur\nG\u00f6k\u00e7e Saadet Arpac\u0131 Co\u015fkun\nG\u00f6ksel Oral\nG\u00f6zde Ta\u015f\u00e7\u0131\nG\u00fcl Ko\u00e7lar Oral\nG\u00fclsu Ulukavak Harputlugil<\/pre>\n<\/li>\n\t\t\t\t\t<\/ul><\/div><\/div><\/div><div class=\"wpb_column vc_column_container vc_col-sm-4\"><div class=\"vc_column-inner\"><div class=\"wpb_wrapper\"><ul  class=\"swmsc_the_icons\" >\n\t\t\t\t\t\t<li><i class=\"fa fa-- Select Icon -\" style=\"color:#81d742;\"><\/i>\n<pre class=\"p1\">G\u00fclten Asl\u0131han \u00dcnl\u00fc\nG\u00fclten Manio\u011flu\nHalet Alm\u0131la B\u00fcy\u00fckta\u015fk\u0131n\nHalime Firdevs Ta\u015fk\u0131n\nHatice Merve Yanarda\u011f\nIrmak Ekim\n\u0130dil Erdemir Kocagil\n\u0130lker \u0130bik\n\u0130rem S\u00f6zen Aka\nK\u0131van\u00e7 Kitapc\u0131\nLeyla Tana\u00e7an\nMahmut O\u011fuz Bayaz\u0131t\nMehmet Akif Ayd\u0131n\nMetin Y\u0131lmaz\nMine Dincer\nMurat \u00c7akan\nMustafa \u00d6zg\u00fcnler\nNeslihan Kele\u015fabdio\u011flu\nNeslihan T\u00fcrkmeno\u011flu Bayraktar\nNe\u015fe Gani\u00e7 Sa\u011flam\nNilay \u00d6zeler Kanan\nNurg\u00fcn Bayaz\u0131t\nNuri Serteser<\/pre>\n<\/li>\n\t\t\t\t\t<\/ul><\/div><\/div><\/div><div class=\"wpb_column vc_column_container vc_col-sm-4\"><div class=\"vc_column-inner\"><div class=\"wpb_wrapper\"><ul  class=\"swmsc_the_icons\" >\n\t\t\t\t\t\t<li><i class=\"fa fa-- Select Icon -\" style=\"color:#606060;\"><\/i>\n<pre>Onur Can \u015eahin\nRana Kutlu\nSeda Ka\u00e7el\nSeda Kulak Dalk\u0131l\u0131\u00e7\nSemiha Kartal\nSevtap Y\u0131lmaz\nSuzi Dilara Mangan\nS\u00fcmeyye Sena Bastem\n\u015eafak Be\u015firo\u011flu\n\u015eule Filiz Ak\u015fit\nTar\u0131k Serhat Bozkurt\nTuba Tun\u00e7 Kurt\nT\u00fcrkan G\u00f6ksal \u00d6zbalta\nVildan Ok\nYal\u00e7\u0131n Arslan\nYurdag\u00fcl Yi\u011fit\nYusuf Salih Diken\nZehra Aybike K\u0131l\u0131\u00e7\nZuhal \u00d6z\u00e7etin\n\u00c7uhadaro\u011flu Metal (Kurumsal \u00dcye)\nEfectis ERA Avrasya (Kurumsal \u00dcye)\nHilti (Kurumsal \u00dcye)<\/pre>\n<\/li>\n\t\t\t\t\t<\/ul><\/div><\/div><\/div><\/div><div class=\"vc_row wpb_row vc_row-fluid vc_custom_1705737211443\"><div class=\"wpb_column vc_column_container vc_col-sm-12\"><div class=\"vc_column-inner\"><div class=\"wpb_wrapper\">\n\t<div class=\"wpb_text_column wpb_content_element  vc_custom_1711294740509\" >\n\t\t<div class=\"wpb_wrapper\">\n\t\t\t<h4 style=\"text-align: center;\"><span style=\"color: #ffffff;\"><strong><u>\u00dcYEL\u0130K FORMU<\/u><\/strong><\/span><\/h4>\n\n\t\t<\/div>\n\t<\/div>\n<\/div><\/div><\/div><\/div><div class=\"vc_row wpb_row vc_row-fluid\"><div class=\"wpb_column vc_column_container vc_col-sm-12\"><div class=\"vc_column-inner\"><div class=\"wpb_wrapper\"><div  class=\"swmsc_promotion_box  p_box_default\" style=\"background:#262626;\">\n\t\t\t\t\t\t<div class=\"swmsc_promotion_box_text \">\n\t\t\t\t\t\t\t<div class=\"swmsc_promotion_box_title_text\" style=\" margin-top:8px; font-size:19px; color:#ffffff;\">Yap\u0131 Fizi\u011fi Derne\u011fi\u2019ne \u00fcye olmak i\u00e7in a\u015fa\u011f\u0131daki formun doldurulmu\u015f halini, vesikal\u0131k foto\u011fraf ve n\u00fcfus c\u00fczdan\u0131n\u0131z ile birlikte yapifizigidernegi@gmail.com adresine e-posta yoluyla iletebilirsiniz.<div class=\"swmsc_promotion_box_sub_title\" style=\"color:#ffffff; font-size:13px;\"><\/div>\n\t\t\t\t\t\t\t<\/div>\n\t\t\t\t\t\t<\/div><div class=\"swmsc_promotion_box_button\">\n\t\t\t\t\t\t\t\t\t\t\t<a style=\"background:#90be54;color:#ffffff;border-color:#90be54;\" href=\"https:\/\/www.yapifizigidernegi.org\/wp-content\/uploads\/2026\/04\/YFD_UyelikFormu.docx\" class=\"swmsc_button large square skin_color\" target=\"_self\">\u00dcyelik Formu-T\u00fcrk\u00e7e<\/a>\n\t\t\t\t\t\t\t\t\t\t<\/div><div class=\"clear\"><\/div>\n\t\t\t\t\t<\/div><div  class=\"swmsc_promotion_box  p_box_default\" style=\"background:#262626;\">\n\t\t\t\t\t\t<div class=\"swmsc_promotion_box_text \">\n\t\t\t\t\t\t\t<div class=\"swmsc_promotion_box_title_text\" style=\" margin-top:8px; font-size:19px; color:#ffffff;\">\u0130ngilizce \u00fcyelik formu i\u00e7in t\u0131klay\u0131n\u0131z.<div class=\"swmsc_promotion_box_sub_title\" style=\"color:#ffffff; font-size:13px;\"><\/div>\n\t\t\t\t\t\t\t<\/div>\n\t\t\t\t\t\t<\/div><div class=\"swmsc_promotion_box_button\">\n\t\t\t\t\t\t\t\t\t\t\t<a style=\"background:#90be54;color:#ffffff;border-color:#90be54;\" href=\"https:\/\/www.yapifizigidernegi.org\/wp-content\/uploads\/2026\/04\/YFD_Membership-Form.docx\" class=\"swmsc_button large square skin_color\" target=\"_self\">\u00dcyelik Formu-\u0130ngilizce<\/a>\n\t\t\t\t\t\t\t\t\t\t<\/div><div class=\"clear\"><\/div>\n\t\t\t\t\t<\/div><\/div><\/div><\/div><\/div>\n<\/section>","protected":false},"excerpt":{"rendered":"\u00dcYELER\u0130M\u0130Z Yap\u0131 Fizi\u011fi Derne\u011fi\u2019nin g\u00fcncel durumda b\u00fcy\u00fck b\u00f6l\u00fcm\u00fc \u00e7e\u015fitli \u00fcniversitelerde g\u00f6rev alan de\u011ferli akademisyenlerden olu\u015fan 43 ger\u00e7ek, 2 t\u00fczel \u00fcye olmak \u00fczere\u00a0toplam 45 \u00fcyesi bulunmaktad\u0131r. Yap\u0131 Fizi\u011fi Derne\u011fi, yap\u0131 fizi\u011fi alan\u0131nda ulusal \u00f6l\u00e7ekte bilimsel \u00e7al\u0131\u015fmalar\u0131n art\u0131r\u0131lmas\u0131, sanayi ve \u00fcniversite i\u015fbirliklerinin g\u00fc\u00e7lendirilmesi amac\u0131yla ilgili konularda \u00e7al\u0131\u015fan herkesin \u00fcyeli\u011fine a\u00e7\u0131kt\u0131r. \u00dcye olmak [...]","protected":false},"author":1,"featured_media":0,"parent":0,"menu_order":0,"comment_status":"closed","ping_status":"closed","template":"","meta":{"om_disable_all_campaigns":false,"_monsterinsights_skip_tracking":false,"_monsterinsights_sitenote_active":false,"_monsterinsights_sitenote_note":"","_monsterinsights_sitenote_category":0,"footnotes":""},"class_list":["post-1595","page","type-page","status-publish","hentry"],"aioseo_notices":[],"_links":{"self":[{"href":"https:\/\/www.yapifizigidernegi.org\/tr_TR\/wp-json\/wp\/v2\/pages\/1595","targetHints":{"allow":["GET"]}}],"collection":[{"href":"https:\/\/www.yapifizigidernegi.org\/tr_TR\/wp-json\/wp\/v2\/pages"}],"about":[{"href":"https:\/\/www.yapifizigidernegi.org\/tr_TR\/wp-json\/wp\/v2\/types\/page"}],"author":[{"embeddable":true,"href":"https:\/\/www.yapifizigidernegi.org\/tr_TR\/wp-json\/wp\/v2\/users\/1"}],"replies":[{"embeddable":true,"href":"https:\/\/www.yapifizigidernegi.org\/tr_TR\/wp-json\/wp\/v2\/comments?post=1595"}],"version-history":[{"count":51,"href":"https:\/\/www.yapifizigidernegi.org\/tr_TR\/wp-json\/wp\/v2\/pages\/1595\/revisions"}],"predecessor-version":[{"id":2558,"href":"https:\/\/www.yapifizigidernegi.org\/tr_TR\/wp-json\/wp\/v2\/pages\/1595\/revisions\/2558"}],"wp:attachment":[{"href":"https:\/\/www.yapifizigidernegi.org\/tr_TR\/wp-json\/wp\/v2\/media?parent=1595"}],"curies":[{"name":"wp","href":"https:\/\/api.w.org\/{rel}","templated":true}]}}