{"id":2214,"date":"2024-04-21T16:06:02","date_gmt":"2024-04-21T13:06:02","guid":{"rendered":"https:\/\/www.yapifizigidernegi.org\/?page_id=2214"},"modified":"2026-05-06T09:54:30","modified_gmt":"2026-05-06T06:54:30","slug":"program","status":"publish","type":"page","link":"https:\/\/www.yapifizigidernegi.org\/tr_TR\/program\/","title":{"rendered":"5. YF\u00c7K KONGRE PROGRAMI"},"content":{"rendered":"<section class=\"wpb-content-wrapper\"><div class=\"vc_row wpb_row vc_row-fluid\"><div class=\"wpb_column vc_column_container vc_col-sm-12\"><div class=\"vc_column-inner\"><div class=\"wpb_wrapper\"><div  class=\"swmsc_fancy_heading swmsc_fancy_heading_center fh_icon_fancyHeadingNoIcon\" style=\"margin-top:40px;margin-bottom:40px;\">\n\t\t\t\t\t\t<div class=\"swmsc_fancy_heading_text\" style=\"font-size:30px;line-height:36px;\">\n\t\t\t\t\t\t\t5. ULUSAL YAPI F\u0130Z\u0130\u011e\u0130 VE \u00c7EVRE KONTROL\u00dc KONGRES\u0130\n\t\t\t\t\t\t\t<div class=\"swmsc_fancy_heading_border\">\n\t\t\t\t\t\t\t\t<span class=\"swmsc_fancy_heading_border1\" style=\"background:#e6e6e6;\"><\/span>\n\t\t\t\t\t\t\t\t<span class=\"swmsc_fancy_heading_border2\" style=\"background:#e6e6e6;\"><\/span>\n\t\t\t\t\t\t\t\t<span class=\"swmsc_fancy_heading_icon\"><i class=\"fa fa-fancyHeadingNoIcon\"  style=\"color:#90be54;\"><\/i><\/span>\n\t\t\t\t\t\t\t<\/div>\n\t\t\t\t\t\t<\/div>\n\t\t\t\t\t<\/div><div  class=\"swmsc_promotion_box  p_box_default\" style=\"background:#262626;\">\n\t\t\t\t\t\t<div class=\"swmsc_promotion_box_text \">\n\t\t\t\t\t\t\t<div class=\"swmsc_promotion_box_title_text\" style=\" margin-top:8px; font-size:22px; color:#ffffff;\">Kongre program\u0131n\u0131 pdf olarak indirmek i\u00e7in t\u0131klay\u0131n\u0131z.<div class=\"swmsc_promotion_box_sub_title\" style=\"color:#ffffff; font-size:13px;\"><\/div>\n\t\t\t\t\t\t\t<\/div>\n\t\t\t\t\t\t<\/div><div class=\"swmsc_promotion_box_button\">\n\t\t\t\t\t\t\t\t\t\t\t<a style=\"background:#90be54;color:#ffffff;border-color:#90be54;\" href=\"https:\/\/www.yapifizigidernegi.org\/wp-content\/uploads\/2026\/05\/Kongre-Programi_2.pdf\" class=\"swmsc_button large square skin_color\" target=\"_blank\">Kongre Program\u0131<\/a>\n\t\t\t\t\t\t\t\t\t\t<\/div><div class=\"clear\"><\/div>\n\t\t\t\t\t<\/div><div  class=\"swmsc_custom_dividers swmsc_dividers_line_dot text_align_center\" style=\"margin-top:20px;margin-bottom:20px; clear:both;\"><div class=\"swmsc_dividers_dotline_holder\" style=\"max-width:50px;\">\n\t\t\t\t\t\t\t\t\t<span class=\"swmsc_dividers_dotline_line\" style=\"background-color:#444444;\"><\/span>\n\t\t\t\t\t\t\t\t\t<span class=\"swmsc_dividers_dotline_dot\" style=\"background-color:#444444;\"><\/span>\n\t\t\t\t\t\t\t\t\t<div class=\"clear\"><\/div>\n\t\t\t\t\t\t\t\t<\/div><\/div><h2 style=\"color: #707070;text-align: center\" class=\"vc_custom_heading\" >Kongre Program\u0131<\/h2><\/div><\/div><\/div><\/div><div class=\"vc_row wpb_row vc_row-fluid\"><div class=\"wpb_column vc_column_container vc_col-sm-12\"><div class=\"vc_column-inner\"><div class=\"wpb_wrapper\">\n\t<div class=\"wpb_text_column wpb_content_element \" >\n\t\t<div class=\"wpb_wrapper\">\n\t\t\t<a href=\"https:\/\/www.yapifizigidernegi.org\/wp-content\/uploads\/2026\/05\/Kongre-Programi_2.pdf\" class=\"pdfemb-viewer\" style=\"\" data-width=\"max\" data-height=\"max\" data-toolbar=\"both\" data-toolbar-fixed=\"on\">Kongre-Programi_2<\/a>\n\n\t\t<\/div>\n\t<\/div>\n<\/div><\/div><\/div><\/div>\n<\/section>","protected":false},"excerpt":{"rendered":"5. ULUSAL YAPI F\u0130Z\u0130\u011e\u0130 VE \u00c7EVRE KONTROL\u00dc KONGRES\u0130 Kongre program\u0131n\u0131 pdf olarak indirmek i\u00e7in t\u0131klay\u0131n\u0131z. Kongre Program\u0131 Kongre Program\u0131 Kongre-Programi_2","protected":false},"author":1,"featured_media":0,"parent":0,"menu_order":0,"comment_status":"closed","ping_status":"closed","template":"","meta":{"om_disable_all_campaigns":false,"_monsterinsights_skip_tracking":false,"_monsterinsights_sitenote_active":false,"_monsterinsights_sitenote_note":"","_monsterinsights_sitenote_category":0,"footnotes":""},"class_list":["post-2214","page","type-page","status-publish","hentry"],"aioseo_notices":[],"_links":{"self":[{"href":"https:\/\/www.yapifizigidernegi.org\/tr_TR\/wp-json\/wp\/v2\/pages\/2214","targetHints":{"allow":["GET"]}}],"collection":[{"href":"https:\/\/www.yapifizigidernegi.org\/tr_TR\/wp-json\/wp\/v2\/pages"}],"about":[{"href":"https:\/\/www.yapifizigidernegi.org\/tr_TR\/wp-json\/wp\/v2\/types\/page"}],"author":[{"embeddable":true,"href":"https:\/\/www.yapifizigidernegi.org\/tr_TR\/wp-json\/wp\/v2\/users\/1"}],"replies":[{"embeddable":true,"href":"https:\/\/www.yapifizigidernegi.org\/tr_TR\/wp-json\/wp\/v2\/comments?post=2214"}],"version-history":[{"count":69,"href":"https:\/\/www.yapifizigidernegi.org\/tr_TR\/wp-json\/wp\/v2\/pages\/2214\/revisions"}],"predecessor-version":[{"id":2638,"href":"https:\/\/www.yapifizigidernegi.org\/tr_TR\/wp-json\/wp\/v2\/pages\/2214\/revisions\/2638"}],"wp:attachment":[{"href":"https:\/\/www.yapifizigidernegi.org\/tr_TR\/wp-json\/wp\/v2\/media?parent=2214"}],"curies":[{"name":"wp","href":"https:\/\/api.w.org\/{rel}","templated":true}]}}